{"id":2715,"date":"2019-01-29T12:18:13","date_gmt":"2019-01-29T12:18:13","guid":{"rendered":"https:\/\/lunitas.de\/imprint\/"},"modified":"2023-04-21T16:51:01","modified_gmt":"2023-04-21T16:51:01","slug":"imprint","status":"publish","type":"page","link":"https:\/\/lunitas.de\/en\/imprint\/","title":{"rendered":"Imprint"},"content":{"rendered":"\t\t<div data-elementor-type=\"wp-page\" data-elementor-id=\"2715\" class=\"elementor elementor-2715 elementor-363\">\n\t\t\t\t\t\t\t\t\t<section class=\"elementor-section elementor-top-section elementor-element elementor-element-388d3089 elementor-section-boxed elementor-section-height-default elementor-section-height-default\" data-id=\"388d3089\" data-element_type=\"section\" data-settings=\"{&quot;_ha_eqh_enable&quot;:false}\">\n\t\t\t\t\t\t<div class=\"elementor-container elementor-column-gap-default\">\n\t\t\t\t\t<div class=\"elementor-column elementor-col-100 elementor-top-column elementor-element elementor-element-653140bb\" data-id=\"653140bb\" data-element_type=\"column\">\n\t\t\t<div class=\"elementor-widget-wrap elementor-element-populated\">\n\t\t\t\t\t\t\t\t<div class=\"elementor-element elementor-element-825b325 elementor-widget elementor-widget-spacer\" data-id=\"825b325\" data-element_type=\"widget\" data-widget_type=\"spacer.default\">\n\t\t\t\t<div class=\"elementor-widget-container\">\n\t\t\t<style>\/*! elementor - v3.17.0 - 08-11-2023 *\/\n.elementor-column .elementor-spacer-inner{height:var(--spacer-size)}.e-con{--container-widget-width:100%}.e-con-inner>.elementor-widget-spacer,.e-con>.elementor-widget-spacer{width:var(--container-widget-width,var(--spacer-size));--align-self:var(--container-widget-align-self,initial);--flex-shrink:0}.e-con-inner>.elementor-widget-spacer>.elementor-widget-container,.e-con>.elementor-widget-spacer>.elementor-widget-container{height:100%;width:100%}.e-con-inner>.elementor-widget-spacer>.elementor-widget-container>.elementor-spacer,.e-con>.elementor-widget-spacer>.elementor-widget-container>.elementor-spacer{height:100%}.e-con-inner>.elementor-widget-spacer>.elementor-widget-container>.elementor-spacer>.elementor-spacer-inner,.e-con>.elementor-widget-spacer>.elementor-widget-container>.elementor-spacer>.elementor-spacer-inner{height:var(--container-widget-height,var(--spacer-size))}.e-con-inner>.elementor-widget-spacer.elementor-widget-empty,.e-con>.elementor-widget-spacer.elementor-widget-empty{position:relative;min-height:22px;min-width:22px}.e-con-inner>.elementor-widget-spacer.elementor-widget-empty .elementor-widget-empty-icon,.e-con>.elementor-widget-spacer.elementor-widget-empty .elementor-widget-empty-icon{position:absolute;top:0;bottom:0;left:0;right:0;margin:auto;padding:0;width:22px;height:22px}<\/style>\t\t<div class=\"elementor-spacer\">\n\t\t\t<div class=\"elementor-spacer-inner\"><\/div>\n\t\t<\/div>\n\t\t\t\t<\/div>\n\t\t\t\t<\/div>\n\t\t\t\t<div class=\"elementor-element elementor-element-187c490f elementor-widget elementor-widget-text-editor\" data-id=\"187c490f\" data-element_type=\"widget\" data-widget_type=\"text-editor.default\">\n\t\t\t\t<div class=\"elementor-widget-container\">\n\t\t\t<style>\/*! elementor - v3.17.0 - 08-11-2023 *\/\n.elementor-widget-text-editor.elementor-drop-cap-view-stacked .elementor-drop-cap{background-color:#69727d;color:#fff}.elementor-widget-text-editor.elementor-drop-cap-view-framed .elementor-drop-cap{color:#69727d;border:3px solid;background-color:transparent}.elementor-widget-text-editor:not(.elementor-drop-cap-view-default) .elementor-drop-cap{margin-top:8px}.elementor-widget-text-editor:not(.elementor-drop-cap-view-default) .elementor-drop-cap-letter{width:1em;height:1em}.elementor-widget-text-editor .elementor-drop-cap{float:left;text-align:center;line-height:1;font-size:50px}.elementor-widget-text-editor .elementor-drop-cap-letter{display:inline-block}<\/style>\t\t\t\t<p>Notice according to \u00a7 5 TMG<br \/>Service provider and responsible for the pages of Lunitas<\/p>\n<p>Headquarters:<br \/>Ulmenstra\u00dfe 18 &#8211; 40476 D\u00fcsseldorf<\/p>\n<p>Postal address:<br \/>Ulmenstra\u00dfe 18 &#8211; 40476 D\u00fcsseldorf<\/p>\n<p>Tel.: 0211 9419 79 24<\/p>\n<p>Internet: www.lunitas.de<br \/>E-mail: info@lunitas.de<\/p>\n<p>Holder:<br \/>Tanja Quartz<\/p>\n<p>Sales tax ID:<br \/>DE351947166<\/p>\n<p>Rights to content and design:<br \/>Lunitas<\/p>\n<p>Responsible for content:<br \/>Tanja Quartz<\/p>\n\t\t\t\t\t\t<\/div>\n\t\t\t\t<\/div>\n\t\t\t\t\t<\/div>\n\t\t<\/div>\n\t\t\t\t\t\t\t<\/div>\n\t\t<\/section>\n\t\t\t\t\t\t\t<\/div>\n\t\t","protected":false},"excerpt":{"rendered":"<p>Notice according to \u00a7 5 TMGService provider and responsible for the pages of Lunitas Headquarters:Ulmenstra\u00dfe 18 &#8211; 40476 D\u00fcsseldorf Postal address:Ulmenstra\u00dfe 18 &#8211; 40476 D\u00fcsseldorf Tel.: 0211 9419 79 24 Internet: www.lunitas.deE-mail: info@lunitas.de Holder:Tanja Quartz Sales tax ID:DE351947166 Rights to content and design:Lunitas Responsible for content:Tanja Quartz<\/p>\n","protected":false},"author":1,"featured_media":0,"parent":0,"menu_order":0,"comment_status":"closed","ping_status":"closed","template":"","meta":{"site-sidebar-layout":"no-sidebar","site-content-layout":"plain-container","ast-site-content-layout":"","site-content-style":"default","site-sidebar-style":"default","ast-global-header-display":"","ast-banner-title-visibility":"","ast-main-header-display":"","ast-hfb-above-header-display":"","ast-hfb-below-header-display":"","ast-hfb-mobile-header-display":"","site-post-title":"disabled","ast-breadcrumbs-content":"","ast-featured-img":"disabled","footer-sml-layout":"","theme-transparent-header-meta":"","adv-header-id-meta":"","stick-header-meta":"","header-above-stick-meta":"","header-main-stick-meta":"","header-below-stick-meta":"","astra-migrate-meta-layouts":"","ast-page-background-enabled":"default","ast-page-background-meta":{"desktop":{"background-color":"var(--ast-global-color-4)","background-image":"","background-repeat":"repeat","background-position":"center center","background-size":"auto","background-attachment":"scroll","background-type":"","background-media":"","overlay-type":"","overlay-color":"","overlay-gradient":""},"tablet":{"background-color":"","background-image":"","background-repeat":"repeat","background-position":"center center","background-size":"auto","background-attachment":"scroll","background-type":"","background-media":"","overlay-type":"","overlay-color":"","overlay-gradient":""},"mobile":{"background-color":"","background-image":"","background-repeat":"repeat","background-position":"center center","background-size":"auto","background-attachment":"scroll","background-type":"","background-media":"","overlay-type":"","overlay-color":"","overlay-gradient":""}},"ast-content-background-meta":{"desktop":{"background-color":"var(--ast-global-color-5)","background-image":"","background-repeat":"repeat","background-position":"center center","background-size":"auto","background-attachment":"scroll","background-type":"","background-media":"","overlay-type":"","overlay-color":"","overlay-gradient":""},"tablet":{"background-color":"var(--ast-global-color-5)","background-image":"","background-repeat":"repeat","background-position":"center center","background-size":"auto","background-attachment":"scroll","background-type":"","background-media":"","overlay-type":"","overlay-color":"","overlay-gradient":""},"mobile":{"background-color":"var(--ast-global-color-5)","background-image":"","background-repeat":"repeat","background-position":"center center","background-size":"auto","background-attachment":"scroll","background-type":"","background-media":"","overlay-type":"","overlay-color":"","overlay-gradient":""}},"footnotes":""},"yoast_head":"<!-- This site is optimized with the Yoast SEO plugin v21.6 - https:\/\/yoast.com\/wordpress\/plugins\/seo\/ -->\n<title>Imprint - Lunitas<\/title>\n<meta name=\"robots\" content=\"index, follow, max-snippet:-1, max-image-preview:large, max-video-preview:-1\" \/>\n<link rel=\"canonical\" href=\"https:\/\/lunitas.de\/en\/imprint\/\" \/>\n<meta property=\"og:locale\" content=\"en_US\" \/>\n<meta property=\"og:type\" content=\"article\" \/>\n<meta property=\"og:title\" content=\"Imprint - Lunitas\" \/>\n<meta property=\"og:description\" content=\"Notice according to \u00a7 5 TMGService provider and responsible for the pages of Lunitas Headquarters:Ulmenstra\u00dfe 18 &#8211; 40476 D\u00fcsseldorf Postal address:Ulmenstra\u00dfe 18 &#8211; 40476 D\u00fcsseldorf Tel.: 0211 9419 79 24 Internet: www.lunitas.deE-mail: info@lunitas.de Holder:Tanja Quartz Sales tax ID:DE351947166 Rights to content and design:Lunitas Responsible for content:Tanja Quartz\" \/>\n<meta property=\"og:url\" content=\"https:\/\/lunitas.de\/en\/imprint\/\" \/>\n<meta property=\"og:site_name\" content=\"Lunitas\" \/>\n<meta property=\"article:publisher\" content=\"https:\/\/www.facebook.com\/Lunitas-130052891046099\/\" \/>\n<meta property=\"article:modified_time\" content=\"2023-04-21T16:51:01+00:00\" \/>\n<meta name=\"twitter:card\" content=\"summary_large_image\" \/>\n<script type=\"application\/ld+json\" class=\"yoast-schema-graph\">{\"@context\":\"https:\/\/schema.org\",\"@graph\":[{\"@type\":\"WebPage\",\"@id\":\"https:\/\/lunitas.de\/en\/imprint\/\",\"url\":\"https:\/\/lunitas.de\/en\/imprint\/\",\"name\":\"Imprint - Lunitas\",\"isPartOf\":{\"@id\":\"https:\/\/lunitas.de\/en\/#website\"},\"datePublished\":\"2019-01-29T12:18:13+00:00\",\"dateModified\":\"2023-04-21T16:51:01+00:00\",\"breadcrumb\":{\"@id\":\"https:\/\/lunitas.de\/en\/imprint\/#breadcrumb\"},\"inLanguage\":\"en-US\",\"potentialAction\":[{\"@type\":\"ReadAction\",\"target\":[\"https:\/\/lunitas.de\/en\/imprint\/\"]}]},{\"@type\":\"BreadcrumbList\",\"@id\":\"https:\/\/lunitas.de\/en\/imprint\/#breadcrumb\",\"itemListElement\":[{\"@type\":\"ListItem\",\"position\":1,\"name\":\"Startseite\",\"item\":\"https:\/\/lunitas.de\/en\/\"},{\"@type\":\"ListItem\",\"position\":2,\"name\":\"Imprint\"}]},{\"@type\":\"WebSite\",\"@id\":\"https:\/\/lunitas.de\/en\/#website\",\"url\":\"https:\/\/lunitas.de\/en\/\",\"name\":\"Lunitas\",\"description\":\"Kolumbianisches Empanadas Restaurant in D\u00fcsseldorf\",\"publisher\":{\"@id\":\"https:\/\/lunitas.de\/en\/#organization\"},\"potentialAction\":[{\"@type\":\"SearchAction\",\"target\":{\"@type\":\"EntryPoint\",\"urlTemplate\":\"https:\/\/lunitas.de\/en\/?s={search_term_string}\"},\"query-input\":\"required name=search_term_string\"}],\"inLanguage\":\"en-US\"},{\"@type\":\"Organization\",\"@id\":\"https:\/\/lunitas.de\/en\/#organization\",\"name\":\"Lunitas\",\"url\":\"https:\/\/lunitas.de\/en\/\",\"logo\":{\"@type\":\"ImageObject\",\"inLanguage\":\"en-US\",\"@id\":\"https:\/\/lunitas.de\/en\/#\/schema\/logo\/image\/\",\"url\":\"https:\/\/lunitas.de\/wp-content\/uploads\/2019\/01\/Lunitas_Empanadas_Duesseldorf_Logo_k.png\",\"contentUrl\":\"https:\/\/lunitas.de\/wp-content\/uploads\/2019\/01\/Lunitas_Empanadas_Duesseldorf_Logo_k.png\",\"width\":260,\"height\":80,\"caption\":\"Lunitas\"},\"image\":{\"@id\":\"https:\/\/lunitas.de\/en\/#\/schema\/logo\/image\/\"},\"sameAs\":[\"https:\/\/www.facebook.com\/Lunitas-130052891046099\/\",\"https:\/\/www.instagram.com\/lunitas_empanadas\/\"]}]}<\/script>\n<!-- \/ Yoast SEO plugin. -->","yoast_head_json":{"title":"Imprint - Lunitas","robots":{"index":"index","follow":"follow","max-snippet":"max-snippet:-1","max-image-preview":"max-image-preview:large","max-video-preview":"max-video-preview:-1"},"canonical":"https:\/\/lunitas.de\/en\/imprint\/","og_locale":"en_US","og_type":"article","og_title":"Imprint - Lunitas","og_description":"Notice according to \u00a7 5 TMGService provider and responsible for the pages of Lunitas Headquarters:Ulmenstra\u00dfe 18 &#8211; 40476 D\u00fcsseldorf Postal address:Ulmenstra\u00dfe 18 &#8211; 40476 D\u00fcsseldorf Tel.: 0211 9419 79 24 Internet: www.lunitas.deE-mail: info@lunitas.de Holder:Tanja Quartz Sales tax ID:DE351947166 Rights to content and design:Lunitas Responsible for content:Tanja Quartz","og_url":"https:\/\/lunitas.de\/en\/imprint\/","og_site_name":"Lunitas","article_publisher":"https:\/\/www.facebook.com\/Lunitas-130052891046099\/","article_modified_time":"2023-04-21T16:51:01+00:00","twitter_card":"summary_large_image","schema":{"@context":"https:\/\/schema.org","@graph":[{"@type":"WebPage","@id":"https:\/\/lunitas.de\/en\/imprint\/","url":"https:\/\/lunitas.de\/en\/imprint\/","name":"Imprint - Lunitas","isPartOf":{"@id":"https:\/\/lunitas.de\/en\/#website"},"datePublished":"2019-01-29T12:18:13+00:00","dateModified":"2023-04-21T16:51:01+00:00","breadcrumb":{"@id":"https:\/\/lunitas.de\/en\/imprint\/#breadcrumb"},"inLanguage":"en-US","potentialAction":[{"@type":"ReadAction","target":["https:\/\/lunitas.de\/en\/imprint\/"]}]},{"@type":"BreadcrumbList","@id":"https:\/\/lunitas.de\/en\/imprint\/#breadcrumb","itemListElement":[{"@type":"ListItem","position":1,"name":"Startseite","item":"https:\/\/lunitas.de\/en\/"},{"@type":"ListItem","position":2,"name":"Imprint"}]},{"@type":"WebSite","@id":"https:\/\/lunitas.de\/en\/#website","url":"https:\/\/lunitas.de\/en\/","name":"Lunitas","description":"Kolumbianisches Empanadas Restaurant in D\u00fcsseldorf","publisher":{"@id":"https:\/\/lunitas.de\/en\/#organization"},"potentialAction":[{"@type":"SearchAction","target":{"@type":"EntryPoint","urlTemplate":"https:\/\/lunitas.de\/en\/?s={search_term_string}"},"query-input":"required name=search_term_string"}],"inLanguage":"en-US"},{"@type":"Organization","@id":"https:\/\/lunitas.de\/en\/#organization","name":"Lunitas","url":"https:\/\/lunitas.de\/en\/","logo":{"@type":"ImageObject","inLanguage":"en-US","@id":"https:\/\/lunitas.de\/en\/#\/schema\/logo\/image\/","url":"https:\/\/lunitas.de\/wp-content\/uploads\/2019\/01\/Lunitas_Empanadas_Duesseldorf_Logo_k.png","contentUrl":"https:\/\/lunitas.de\/wp-content\/uploads\/2019\/01\/Lunitas_Empanadas_Duesseldorf_Logo_k.png","width":260,"height":80,"caption":"Lunitas"},"image":{"@id":"https:\/\/lunitas.de\/en\/#\/schema\/logo\/image\/"},"sameAs":["https:\/\/www.facebook.com\/Lunitas-130052891046099\/","https:\/\/www.instagram.com\/lunitas_empanadas\/"]}]}},"publishpress_future_action":{"enabled":false,"date":"2026-04-19 17:48:36","action":"change-status","newStatus":"draft","terms":[],"taxonomy":"translation_priority"},"_links":{"self":[{"href":"https:\/\/lunitas.de\/en\/wp-json\/wp\/v2\/pages\/2715"}],"collection":[{"href":"https:\/\/lunitas.de\/en\/wp-json\/wp\/v2\/pages"}],"about":[{"href":"https:\/\/lunitas.de\/en\/wp-json\/wp\/v2\/types\/page"}],"author":[{"embeddable":true,"href":"https:\/\/lunitas.de\/en\/wp-json\/wp\/v2\/users\/1"}],"replies":[{"embeddable":true,"href":"https:\/\/lunitas.de\/en\/wp-json\/wp\/v2\/comments?post=2715"}],"version-history":[{"count":1,"href":"https:\/\/lunitas.de\/en\/wp-json\/wp\/v2\/pages\/2715\/revisions"}],"predecessor-version":[{"id":2717,"href":"https:\/\/lunitas.de\/en\/wp-json\/wp\/v2\/pages\/2715\/revisions\/2717"}],"wp:attachment":[{"href":"https:\/\/lunitas.de\/en\/wp-json\/wp\/v2\/media?parent=2715"}],"curies":[{"name":"wp","href":"https:\/\/api.w.org\/{rel}","templated":true}]}}