{"id":2707,"date":"2019-01-29T12:18:13","date_gmt":"2019-01-29T12:18:13","guid":{"rendered":"https:\/\/lunitas.de\/pie-de-imprenta\/"},"modified":"2023-04-21T16:51:01","modified_gmt":"2023-04-21T16:51:01","slug":"pie-de-imprenta","status":"publish","type":"page","link":"https:\/\/lunitas.de\/es\/pie-de-imprenta\/","title":{"rendered":"Pie de imprenta"},"content":{"rendered":"\t\t<div data-elementor-type=\"wp-page\" data-elementor-id=\"2707\" class=\"elementor elementor-2707 elementor-363\">\n\t\t\t\t\t\t\t\t\t<section class=\"elementor-section elementor-top-section elementor-element elementor-element-388d3089 elementor-section-boxed elementor-section-height-default elementor-section-height-default\" data-id=\"388d3089\" data-element_type=\"section\" data-settings=\"{&quot;_ha_eqh_enable&quot;:false}\">\n\t\t\t\t\t\t<div class=\"elementor-container elementor-column-gap-default\">\n\t\t\t\t\t<div class=\"elementor-column elementor-col-100 elementor-top-column elementor-element elementor-element-653140bb\" data-id=\"653140bb\" data-element_type=\"column\">\n\t\t\t<div class=\"elementor-widget-wrap elementor-element-populated\">\n\t\t\t\t\t\t\t\t<div class=\"elementor-element elementor-element-825b325 elementor-widget elementor-widget-spacer\" data-id=\"825b325\" data-element_type=\"widget\" data-widget_type=\"spacer.default\">\n\t\t\t\t<div class=\"elementor-widget-container\">\n\t\t\t<style>\/*! elementor - v3.17.0 - 08-11-2023 *\/\n.elementor-column .elementor-spacer-inner{height:var(--spacer-size)}.e-con{--container-widget-width:100%}.e-con-inner>.elementor-widget-spacer,.e-con>.elementor-widget-spacer{width:var(--container-widget-width,var(--spacer-size));--align-self:var(--container-widget-align-self,initial);--flex-shrink:0}.e-con-inner>.elementor-widget-spacer>.elementor-widget-container,.e-con>.elementor-widget-spacer>.elementor-widget-container{height:100%;width:100%}.e-con-inner>.elementor-widget-spacer>.elementor-widget-container>.elementor-spacer,.e-con>.elementor-widget-spacer>.elementor-widget-container>.elementor-spacer{height:100%}.e-con-inner>.elementor-widget-spacer>.elementor-widget-container>.elementor-spacer>.elementor-spacer-inner,.e-con>.elementor-widget-spacer>.elementor-widget-container>.elementor-spacer>.elementor-spacer-inner{height:var(--container-widget-height,var(--spacer-size))}.e-con-inner>.elementor-widget-spacer.elementor-widget-empty,.e-con>.elementor-widget-spacer.elementor-widget-empty{position:relative;min-height:22px;min-width:22px}.e-con-inner>.elementor-widget-spacer.elementor-widget-empty .elementor-widget-empty-icon,.e-con>.elementor-widget-spacer.elementor-widget-empty .elementor-widget-empty-icon{position:absolute;top:0;bottom:0;left:0;right:0;margin:auto;padding:0;width:22px;height:22px}<\/style>\t\t<div class=\"elementor-spacer\">\n\t\t\t<div class=\"elementor-spacer-inner\"><\/div>\n\t\t<\/div>\n\t\t\t\t<\/div>\n\t\t\t\t<\/div>\n\t\t\t\t<div class=\"elementor-element elementor-element-187c490f elementor-widget elementor-widget-text-editor\" data-id=\"187c490f\" data-element_type=\"widget\" data-widget_type=\"text-editor.default\">\n\t\t\t\t<div class=\"elementor-widget-container\">\n\t\t\t<style>\/*! elementor - v3.17.0 - 08-11-2023 *\/\n.elementor-widget-text-editor.elementor-drop-cap-view-stacked .elementor-drop-cap{background-color:#69727d;color:#fff}.elementor-widget-text-editor.elementor-drop-cap-view-framed .elementor-drop-cap{color:#69727d;border:3px solid;background-color:transparent}.elementor-widget-text-editor:not(.elementor-drop-cap-view-default) .elementor-drop-cap{margin-top:8px}.elementor-widget-text-editor:not(.elementor-drop-cap-view-default) .elementor-drop-cap-letter{width:1em;height:1em}.elementor-widget-text-editor .elementor-drop-cap{float:left;text-align:center;line-height:1;font-size:50px}.elementor-widget-text-editor .elementor-drop-cap-letter{display:inline-block}<\/style>\t\t\t\t<p>Notificaci\u00f3n con arreglo al art\u00edculo 5 de la TMG<br \/>Proveedor de servicios y responsable de las p\u00e1ginas de Lunitas<\/p>\n<p>Sede social:<br \/>Ulmenstra\u00dfe 18 &#8211; 40476 D\u00fcsseldorf<\/p>\n<p>Direcci\u00f3n postal:<br \/>Ulmenstra\u00dfe 18 &#8211; 40476 D\u00fcsseldorf<\/p>\n<p>Tel.: 0211 9419 79 24<\/p>\n<p>Internet: www.lunitas.de<br \/>Correo electr\u00f3nico: info@lunitas.de<\/p>\n<p>Titular:<br \/>Tanja Cuarzo<\/p>\n<p>CIF:<br \/>DE351947166<\/p>\n<p>Derechos sobre el contenido y el dise\u00f1o:<br \/>Lunitas<\/p>\n<p>Responsable del contenido:<br \/>Tanja Cuarzo<\/p>\n\t\t\t\t\t\t<\/div>\n\t\t\t\t<\/div>\n\t\t\t\t\t<\/div>\n\t\t<\/div>\n\t\t\t\t\t\t\t<\/div>\n\t\t<\/section>\n\t\t\t\t\t\t\t<\/div>\n\t\t","protected":false},"excerpt":{"rendered":"<p>Notificaci\u00f3n con arreglo al art\u00edculo 5 de la TMGProveedor de servicios y responsable de las p\u00e1ginas de Lunitas Sede social:Ulmenstra\u00dfe 18 &#8211; 40476 D\u00fcsseldorf Direcci\u00f3n postal:Ulmenstra\u00dfe 18 &#8211; 40476 D\u00fcsseldorf Tel.: 0211 9419 79 24 Internet: www.lunitas.deCorreo electr\u00f3nico: info@lunitas.de Titular:Tanja Cuarzo CIF:DE351947166 Derechos sobre el contenido y el dise\u00f1o:Lunitas Responsable del contenido:Tanja Cuarzo<\/p>\n","protected":false},"author":1,"featured_media":0,"parent":0,"menu_order":0,"comment_status":"closed","ping_status":"closed","template":"","meta":{"site-sidebar-layout":"no-sidebar","site-content-layout":"plain-container","ast-site-content-layout":"","site-content-style":"default","site-sidebar-style":"default","ast-global-header-display":"","ast-banner-title-visibility":"","ast-main-header-display":"","ast-hfb-above-header-display":"","ast-hfb-below-header-display":"","ast-hfb-mobile-header-display":"","site-post-title":"disabled","ast-breadcrumbs-content":"","ast-featured-img":"disabled","footer-sml-layout":"","theme-transparent-header-meta":"","adv-header-id-meta":"","stick-header-meta":"","header-above-stick-meta":"","header-main-stick-meta":"","header-below-stick-meta":"","astra-migrate-meta-layouts":"","ast-page-background-enabled":"default","ast-page-background-meta":{"desktop":{"background-color":"var(--ast-global-color-4)","background-image":"","background-repeat":"repeat","background-position":"center center","background-size":"auto","background-attachment":"scroll","background-type":"","background-media":"","overlay-type":"","overlay-color":"","overlay-gradient":""},"tablet":{"background-color":"","background-image":"","background-repeat":"repeat","background-position":"center center","background-size":"auto","background-attachment":"scroll","background-type":"","background-media":"","overlay-type":"","overlay-color":"","overlay-gradient":""},"mobile":{"background-color":"","background-image":"","background-repeat":"repeat","background-position":"center center","background-size":"auto","background-attachment":"scroll","background-type":"","background-media":"","overlay-type":"","overlay-color":"","overlay-gradient":""}},"ast-content-background-meta":{"desktop":{"background-color":"var(--ast-global-color-5)","background-image":"","background-repeat":"repeat","background-position":"center center","background-size":"auto","background-attachment":"scroll","background-type":"","background-media":"","overlay-type":"","overlay-color":"","overlay-gradient":""},"tablet":{"background-color":"var(--ast-global-color-5)","background-image":"","background-repeat":"repeat","background-position":"center center","background-size":"auto","background-attachment":"scroll","background-type":"","background-media":"","overlay-type":"","overlay-color":"","overlay-gradient":""},"mobile":{"background-color":"var(--ast-global-color-5)","background-image":"","background-repeat":"repeat","background-position":"center center","background-size":"auto","background-attachment":"scroll","background-type":"","background-media":"","overlay-type":"","overlay-color":"","overlay-gradient":""}},"footnotes":""},"yoast_head":"<!-- This site is optimized with the Yoast SEO plugin v21.6 - https:\/\/yoast.com\/wordpress\/plugins\/seo\/ -->\n<title>Pie de imprenta - Lunitas<\/title>\n<meta name=\"robots\" content=\"index, follow, max-snippet:-1, max-image-preview:large, max-video-preview:-1\" \/>\n<link rel=\"canonical\" href=\"https:\/\/lunitas.de\/es\/pie-de-imprenta\/\" \/>\n<meta property=\"og:locale\" content=\"es_ES\" \/>\n<meta property=\"og:type\" content=\"article\" \/>\n<meta property=\"og:title\" content=\"Pie de imprenta - Lunitas\" \/>\n<meta property=\"og:description\" content=\"Notificaci\u00f3n con arreglo al art\u00edculo 5 de la TMGProveedor de servicios y responsable de las p\u00e1ginas de Lunitas Sede social:Ulmenstra\u00dfe 18 &#8211; 40476 D\u00fcsseldorf Direcci\u00f3n postal:Ulmenstra\u00dfe 18 &#8211; 40476 D\u00fcsseldorf Tel.: 0211 9419 79 24 Internet: www.lunitas.deCorreo electr\u00f3nico: info@lunitas.de Titular:Tanja Cuarzo CIF:DE351947166 Derechos sobre el contenido y el dise\u00f1o:Lunitas Responsable del contenido:Tanja Cuarzo\" \/>\n<meta property=\"og:url\" content=\"https:\/\/lunitas.de\/es\/pie-de-imprenta\/\" \/>\n<meta property=\"og:site_name\" content=\"Lunitas\" \/>\n<meta property=\"article:publisher\" content=\"https:\/\/www.facebook.com\/Lunitas-130052891046099\/\" \/>\n<meta property=\"article:modified_time\" content=\"2023-04-21T16:51:01+00:00\" \/>\n<meta name=\"twitter:card\" content=\"summary_large_image\" \/>\n<script type=\"application\/ld+json\" class=\"yoast-schema-graph\">{\"@context\":\"https:\/\/schema.org\",\"@graph\":[{\"@type\":\"WebPage\",\"@id\":\"https:\/\/lunitas.de\/es\/pie-de-imprenta\/\",\"url\":\"https:\/\/lunitas.de\/es\/pie-de-imprenta\/\",\"name\":\"Pie de imprenta - Lunitas\",\"isPartOf\":{\"@id\":\"https:\/\/lunitas.de\/es\/#website\"},\"datePublished\":\"2019-01-29T12:18:13+00:00\",\"dateModified\":\"2023-04-21T16:51:01+00:00\",\"breadcrumb\":{\"@id\":\"https:\/\/lunitas.de\/es\/pie-de-imprenta\/#breadcrumb\"},\"inLanguage\":\"es\",\"potentialAction\":[{\"@type\":\"ReadAction\",\"target\":[\"https:\/\/lunitas.de\/es\/pie-de-imprenta\/\"]}]},{\"@type\":\"BreadcrumbList\",\"@id\":\"https:\/\/lunitas.de\/es\/pie-de-imprenta\/#breadcrumb\",\"itemListElement\":[{\"@type\":\"ListItem\",\"position\":1,\"name\":\"Startseite\",\"item\":\"https:\/\/lunitas.de\/es\/\"},{\"@type\":\"ListItem\",\"position\":2,\"name\":\"Pie de imprenta\"}]},{\"@type\":\"WebSite\",\"@id\":\"https:\/\/lunitas.de\/es\/#website\",\"url\":\"https:\/\/lunitas.de\/es\/\",\"name\":\"Lunitas\",\"description\":\"Kolumbianisches Empanadas Restaurant in D\u00fcsseldorf\",\"publisher\":{\"@id\":\"https:\/\/lunitas.de\/es\/#organization\"},\"potentialAction\":[{\"@type\":\"SearchAction\",\"target\":{\"@type\":\"EntryPoint\",\"urlTemplate\":\"https:\/\/lunitas.de\/es\/?s={search_term_string}\"},\"query-input\":\"required name=search_term_string\"}],\"inLanguage\":\"es\"},{\"@type\":\"Organization\",\"@id\":\"https:\/\/lunitas.de\/es\/#organization\",\"name\":\"Lunitas\",\"url\":\"https:\/\/lunitas.de\/es\/\",\"logo\":{\"@type\":\"ImageObject\",\"inLanguage\":\"es\",\"@id\":\"https:\/\/lunitas.de\/es\/#\/schema\/logo\/image\/\",\"url\":\"https:\/\/lunitas.de\/wp-content\/uploads\/2019\/01\/Lunitas_Empanadas_Duesseldorf_Logo_k.png\",\"contentUrl\":\"https:\/\/lunitas.de\/wp-content\/uploads\/2019\/01\/Lunitas_Empanadas_Duesseldorf_Logo_k.png\",\"width\":260,\"height\":80,\"caption\":\"Lunitas\"},\"image\":{\"@id\":\"https:\/\/lunitas.de\/es\/#\/schema\/logo\/image\/\"},\"sameAs\":[\"https:\/\/www.facebook.com\/Lunitas-130052891046099\/\",\"https:\/\/www.instagram.com\/lunitas_empanadas\/\"]}]}<\/script>\n<!-- \/ Yoast SEO plugin. -->","yoast_head_json":{"title":"Pie de imprenta - Lunitas","robots":{"index":"index","follow":"follow","max-snippet":"max-snippet:-1","max-image-preview":"max-image-preview:large","max-video-preview":"max-video-preview:-1"},"canonical":"https:\/\/lunitas.de\/es\/pie-de-imprenta\/","og_locale":"es_ES","og_type":"article","og_title":"Pie de imprenta - Lunitas","og_description":"Notificaci\u00f3n con arreglo al art\u00edculo 5 de la TMGProveedor de servicios y responsable de las p\u00e1ginas de Lunitas Sede social:Ulmenstra\u00dfe 18 &#8211; 40476 D\u00fcsseldorf Direcci\u00f3n postal:Ulmenstra\u00dfe 18 &#8211; 40476 D\u00fcsseldorf Tel.: 0211 9419 79 24 Internet: www.lunitas.deCorreo electr\u00f3nico: info@lunitas.de Titular:Tanja Cuarzo CIF:DE351947166 Derechos sobre el contenido y el dise\u00f1o:Lunitas Responsable del contenido:Tanja Cuarzo","og_url":"https:\/\/lunitas.de\/es\/pie-de-imprenta\/","og_site_name":"Lunitas","article_publisher":"https:\/\/www.facebook.com\/Lunitas-130052891046099\/","article_modified_time":"2023-04-21T16:51:01+00:00","twitter_card":"summary_large_image","schema":{"@context":"https:\/\/schema.org","@graph":[{"@type":"WebPage","@id":"https:\/\/lunitas.de\/es\/pie-de-imprenta\/","url":"https:\/\/lunitas.de\/es\/pie-de-imprenta\/","name":"Pie de imprenta - Lunitas","isPartOf":{"@id":"https:\/\/lunitas.de\/es\/#website"},"datePublished":"2019-01-29T12:18:13+00:00","dateModified":"2023-04-21T16:51:01+00:00","breadcrumb":{"@id":"https:\/\/lunitas.de\/es\/pie-de-imprenta\/#breadcrumb"},"inLanguage":"es","potentialAction":[{"@type":"ReadAction","target":["https:\/\/lunitas.de\/es\/pie-de-imprenta\/"]}]},{"@type":"BreadcrumbList","@id":"https:\/\/lunitas.de\/es\/pie-de-imprenta\/#breadcrumb","itemListElement":[{"@type":"ListItem","position":1,"name":"Startseite","item":"https:\/\/lunitas.de\/es\/"},{"@type":"ListItem","position":2,"name":"Pie de imprenta"}]},{"@type":"WebSite","@id":"https:\/\/lunitas.de\/es\/#website","url":"https:\/\/lunitas.de\/es\/","name":"Lunitas","description":"Kolumbianisches Empanadas Restaurant in D\u00fcsseldorf","publisher":{"@id":"https:\/\/lunitas.de\/es\/#organization"},"potentialAction":[{"@type":"SearchAction","target":{"@type":"EntryPoint","urlTemplate":"https:\/\/lunitas.de\/es\/?s={search_term_string}"},"query-input":"required name=search_term_string"}],"inLanguage":"es"},{"@type":"Organization","@id":"https:\/\/lunitas.de\/es\/#organization","name":"Lunitas","url":"https:\/\/lunitas.de\/es\/","logo":{"@type":"ImageObject","inLanguage":"es","@id":"https:\/\/lunitas.de\/es\/#\/schema\/logo\/image\/","url":"https:\/\/lunitas.de\/wp-content\/uploads\/2019\/01\/Lunitas_Empanadas_Duesseldorf_Logo_k.png","contentUrl":"https:\/\/lunitas.de\/wp-content\/uploads\/2019\/01\/Lunitas_Empanadas_Duesseldorf_Logo_k.png","width":260,"height":80,"caption":"Lunitas"},"image":{"@id":"https:\/\/lunitas.de\/es\/#\/schema\/logo\/image\/"},"sameAs":["https:\/\/www.facebook.com\/Lunitas-130052891046099\/","https:\/\/www.instagram.com\/lunitas_empanadas\/"]}]}},"publishpress_future_action":{"enabled":false,"date":"2026-04-21 10:40:42","action":"change-status","newStatus":"draft","terms":[],"taxonomy":"translation_priority"},"_links":{"self":[{"href":"https:\/\/lunitas.de\/es\/wp-json\/wp\/v2\/pages\/2707"}],"collection":[{"href":"https:\/\/lunitas.de\/es\/wp-json\/wp\/v2\/pages"}],"about":[{"href":"https:\/\/lunitas.de\/es\/wp-json\/wp\/v2\/types\/page"}],"author":[{"embeddable":true,"href":"https:\/\/lunitas.de\/es\/wp-json\/wp\/v2\/users\/1"}],"replies":[{"embeddable":true,"href":"https:\/\/lunitas.de\/es\/wp-json\/wp\/v2\/comments?post=2707"}],"version-history":[{"count":3,"href":"https:\/\/lunitas.de\/es\/wp-json\/wp\/v2\/pages\/2707\/revisions"}],"predecessor-version":[{"id":2716,"href":"https:\/\/lunitas.de\/es\/wp-json\/wp\/v2\/pages\/2707\/revisions\/2716"}],"wp:attachment":[{"href":"https:\/\/lunitas.de\/es\/wp-json\/wp\/v2\/media?parent=2707"}],"curies":[{"name":"wp","href":"https:\/\/api.w.org\/{rel}","templated":true}]}}