{"id":2750,"date":"2020-04-24T10:28:06","date_gmt":"2020-04-24T10:28:06","guid":{"rendered":"https:\/\/lunitas.de\/agb\/"},"modified":"2023-04-21T16:59:29","modified_gmt":"2023-04-21T16:59:29","slug":"agb","status":"publish","type":"page","link":"https:\/\/lunitas.de\/es\/agb\/","title":{"rendered":"AGB"},"content":{"rendered":"\t\t<div data-elementor-type=\"wp-page\" data-elementor-id=\"2750\" class=\"elementor elementor-2750 elementor-463\">\n\t\t\t\t\t\t\t\t\t<section class=\"elementor-section elementor-top-section elementor-element elementor-element-77af9309 elementor-section-boxed elementor-section-height-default elementor-section-height-default\" data-id=\"77af9309\" data-element_type=\"section\" data-settings=\"{&quot;_ha_eqh_enable&quot;:false}\">\n\t\t\t\t\t\t<div class=\"elementor-container elementor-column-gap-default\">\n\t\t\t\t\t<div class=\"elementor-column elementor-col-100 elementor-top-column elementor-element elementor-element-1bde52e2\" data-id=\"1bde52e2\" data-element_type=\"column\">\n\t\t\t<div class=\"elementor-widget-wrap elementor-element-populated\">\n\t\t\t\t\t\t\t\t<div class=\"elementor-element elementor-element-e68bb57 elementor-widget elementor-widget-spacer\" data-id=\"e68bb57\" data-element_type=\"widget\" data-widget_type=\"spacer.default\">\n\t\t\t\t<div class=\"elementor-widget-container\">\n\t\t\t<style>\/*! elementor - v3.17.0 - 08-11-2023 *\/\n.elementor-column .elementor-spacer-inner{height:var(--spacer-size)}.e-con{--container-widget-width:100%}.e-con-inner>.elementor-widget-spacer,.e-con>.elementor-widget-spacer{width:var(--container-widget-width,var(--spacer-size));--align-self:var(--container-widget-align-self,initial);--flex-shrink:0}.e-con-inner>.elementor-widget-spacer>.elementor-widget-container,.e-con>.elementor-widget-spacer>.elementor-widget-container{height:100%;width:100%}.e-con-inner>.elementor-widget-spacer>.elementor-widget-container>.elementor-spacer,.e-con>.elementor-widget-spacer>.elementor-widget-container>.elementor-spacer{height:100%}.e-con-inner>.elementor-widget-spacer>.elementor-widget-container>.elementor-spacer>.elementor-spacer-inner,.e-con>.elementor-widget-spacer>.elementor-widget-container>.elementor-spacer>.elementor-spacer-inner{height:var(--container-widget-height,var(--spacer-size))}.e-con-inner>.elementor-widget-spacer.elementor-widget-empty,.e-con>.elementor-widget-spacer.elementor-widget-empty{position:relative;min-height:22px;min-width:22px}.e-con-inner>.elementor-widget-spacer.elementor-widget-empty .elementor-widget-empty-icon,.e-con>.elementor-widget-spacer.elementor-widget-empty .elementor-widget-empty-icon{position:absolute;top:0;bottom:0;left:0;right:0;margin:auto;padding:0;width:22px;height:22px}<\/style>\t\t<div class=\"elementor-spacer\">\n\t\t\t<div class=\"elementor-spacer-inner\"><\/div>\n\t\t<\/div>\n\t\t\t\t<\/div>\n\t\t\t\t<\/div>\n\t\t\t\t<div class=\"elementor-element elementor-element-600ff9db elementor-widget elementor-widget-text-editor\" data-id=\"600ff9db\" data-element_type=\"widget\" data-widget_type=\"text-editor.default\">\n\t\t\t\t<div class=\"elementor-widget-container\">\n\t\t\t<style>\/*! elementor - v3.17.0 - 08-11-2023 *\/\n.elementor-widget-text-editor.elementor-drop-cap-view-stacked .elementor-drop-cap{background-color:#69727d;color:#fff}.elementor-widget-text-editor.elementor-drop-cap-view-framed .elementor-drop-cap{color:#69727d;border:3px solid;background-color:transparent}.elementor-widget-text-editor:not(.elementor-drop-cap-view-default) .elementor-drop-cap{margin-top:8px}.elementor-widget-text-editor:not(.elementor-drop-cap-view-default) .elementor-drop-cap-letter{width:1em;height:1em}.elementor-widget-text-editor .elementor-drop-cap{float:left;text-align:center;line-height:1;font-size:50px}.elementor-widget-text-editor .elementor-drop-cap-letter{display:inline-block}<\/style>\t\t\t\t<p><strong>Condiciones generales<\/strong><\/p>\n<p>1. \u00e1mbito de aplicaci\u00f3n<\/p>\n<p>Los siguientes t\u00e9rminos y condiciones se aplican a todos los pedidos realizados a trav\u00e9s de nuestra tienda en l\u00ednea. Nuestra tienda en l\u00ednea est\u00e1 dirigida exclusivamente a los consumidores.<\/p>\n<p>Un consumidor es toda persona f\u00edsica que celebra un negocio jur\u00eddico con fines que no pueden atribuirse predominantemente ni a su actividad comercial ni a su actividad profesional independiente. Un empresario es una persona f\u00edsica o jur\u00eddica o una sociedad con capacidad jur\u00eddica que, al celebrar un negocio jur\u00eddico, act\u00faa en el ejercicio de su actividad comercial o profesional independiente.<\/p>\n<p>2. parte contratante, celebraci\u00f3n del contrato, opciones de correcci\u00f3n<\/p>\n<p>El contrato de compra se celebra con Lunitas.<\/p>\n<p>Al colocar los productos en la tienda en l\u00ednea, hacemos una oferta vinculante para celebrar un contrato sobre estos art\u00edculos. En primer lugar, puede colocar nuestros productos en la cesta de la compra sin compromiso y corregir sus entradas en cualquier momento antes de enviar su pedido vinculante utilizando los medios de correcci\u00f3n previstos y explicados a tal efecto en el proceso de pedido. El contrato se perfecciona cuando usted acepta la oferta de los productos contenidos en la cesta de la compra haciendo clic en el bot\u00f3n de pedido. Inmediatamente despu\u00e9s de enviar el pedido, recibir\u00e1 otra confirmaci\u00f3n por correo electr\u00f3nico.<\/p>\n<p>3. lenguaje contractual, almacenamiento de texto contractual<\/p>\n<p>La lengua disponible para la celebraci\u00f3n del contrato es el alem\u00e1n.<\/p>\n<p>Guardamos el texto del contrato y le enviamos los datos del pedido y nuestras CGC en forma de texto. Puede consultar el texto del contrato en nuestro acceso para clientes.<\/p>\n<p>4. condiciones de entrega<\/p>\n<p>Los gastos de env\u00edo pueden a\u00f1adirse a los precios de los productos mostrados. Puede obtener m\u00e1s informaci\u00f3n sobre los gastos de env\u00edo en las ofertas.<\/p>\n<p>En principio, usted tiene la opci\u00f3n de recogida de Lunitas, Ulmenstra\u00dfe 18, 40476 D\u00fcsseldorf, Alemania durante las siguientes horas de oficina: durante nuestras horas de apertura<\/p>\n<p>No realizamos entregas en centros de embalaje.<\/p>\n<p>5. pago<\/p>\n<p>Los siguientes m\u00e9todos de pago est\u00e1n generalmente disponibles en nuestra tienda:<\/p>\n<p>PayPal<br \/>Durante el proceso de pedido se le redirigir\u00e1 al sitio web del proveedor en l\u00ednea PayPal. Para pagar el importe de la factura a trav\u00e9s de PayPal, debe estar registrado all\u00ed o registrarse primero, legitimarse con sus datos de acceso y confirmarnos la instrucci\u00f3n de pago. Tras realizar el pedido en la tienda, solicitamos a PayPal que inicie la transacci\u00f3n de pago. La transacci\u00f3n de pago ser\u00e1 efectuada autom\u00e1ticamente por PayPal inmediatamente despu\u00e9s. Recibir\u00e1 m\u00e1s instrucciones durante el proceso de pedido.<\/p>\n<p>Pago al contado en el momento del cobro<br \/>Usted paga el importe de la factura en efectivo en el momento del cobro.<\/p>\n<p>6 Garant\u00eda<\/p>\n<p>A menos que se acuerde expresamente lo contrario a continuaci\u00f3n, se aplicar\u00e1 la legislaci\u00f3n sobre responsabilidad por defectos.<br \/>En el caso de bienes usados, se aplica lo siguiente: si el defecto se produce una vez transcurrido un a\u00f1o desde la entrega de los bienes, quedan excluidas las reclamaciones por defectos. Los defectos que se produzcan en el plazo de un a\u00f1o a partir de la entrega de la mercanc\u00eda pueden reclamarse dentro del plazo de prescripci\u00f3n legal de dos a\u00f1os a partir de la entrega de la mercanc\u00eda.<br \/>Las anteriores restricciones y acortamiento de plazos no se aplicar\u00e1n a las reclamaciones basadas en da\u00f1os causados por nosotros, nuestros representantes legales o auxiliares ejecutivos.<br \/>&#8211; en caso de atentado contra la vida, la integridad f\u00edsica o la salud<br \/>&#8211; en caso de incumplimiento doloso o negligencia grave, as\u00ed como de dolo<br \/>&#8211; en caso de incumplimiento de obligaciones contractuales esenciales, cuyo cumplimiento es un requisito previo para la correcta ejecuci\u00f3n del contrato y en cuyo cumplimiento puede confiar regularmente la parte contratante (obligaciones cardinales).<br \/>&#8211; en el marco de una promesa de garant\u00eda, en la medida en que se acuerde o<br \/>&#8211; en la medida en que se abre el \u00e1mbito de aplicaci\u00f3n de la Ley de Responsabilidad por Productos Defectuosos.<br \/>Encontrar\u00e1 informaci\u00f3n sobre las garant\u00edas adicionales que puedan aplicarse y sus condiciones precisas junto con el producto y en las p\u00e1ginas de informaci\u00f3n especial de la tienda en l\u00ednea.<\/p>\n<p>7. responsabilidad<\/p>\n<p>Para las reclamaciones basadas en da\u00f1os causados por nosotros, nuestros representantes legales o auxiliares ejecutivos, siempre seremos responsables sin limitaciones<br \/>&#8211; en caso de atentado contra la vida, la integridad f\u00edsica o la salud<br \/>&#8211; en caso de incumplimiento doloso o negligencia grave de las obligaciones<br \/>&#8211; en el caso de promesas de garant\u00eda, en la medida de lo acordado, o<br \/>&#8211; en la medida en que se abre el \u00e1mbito de aplicaci\u00f3n de la Ley de Responsabilidad por Productos Defectuosos.<br \/>En caso de incumplimiento de obligaciones contractuales esenciales, cuyo cumplimiento es un requisito previo para la correcta ejecuci\u00f3n del contrato y en cuya observancia puede confiar regularmente la parte contratante (obligaciones cardinales), debido a negligencia leve por nuestra parte, por parte de nuestros representantes legales o auxiliares ejecutivos, el importe de la responsabilidad se limitar\u00e1 a los da\u00f1os previsibles en el momento de la celebraci\u00f3n del contrato, cuya ocurrencia debe esperarse normalmente.<br \/>De lo contrario, quedan excluidas las reclamaciones por da\u00f1os y perjuicios.<\/p>\n<p>8. resoluci\u00f3n de litigios<\/p>\n<p>La Comisi\u00f3n Europea ofrece una plataforma para la resoluci\u00f3n de litigios en l\u00ednea (ODR), que puede encontrar aqu\u00ed. No estamos obligados ni dispuestos a participar en un procedimiento de resoluci\u00f3n de litigios ante una junta arbitral de consumo.<\/p>\n<p>9. protecci\u00f3n de menores<\/p>\n<p>Si su pedido incluye productos cuya venta est\u00e1 sujeta a restricciones de edad, nos aseguraremos de que no se supere la edad del cliente mediante un procedimiento fiable de verificaci\u00f3n de la identidad personal y la edad.<br \/>comprobaci\u00f3n de la edad para asegurarse de que el solicitante ha alcanzado la edad m\u00ednima requerida. El repartidor s\u00f3lo entregar\u00e1 la mercanc\u00eda una vez comprobada su antig\u00fcedad y \u00fanicamente al cliente en persona.<\/p>\n<p>Condiciones generales de contrataci\u00f3n creadas con el editor de textos legales Trusted Shops en colaboraci\u00f3n con F\u00d6HLISCH Rechtsanw\u00e4lte.<\/p>\n<p>10. derecho de retractaci\u00f3n<\/p>\n<p>Seg\u00fan el art\u00edculo 312g, apartado 2, n\u00famero 2 del C\u00f3digo Civil alem\u00e1n (BGB), no existe derecho de desistimiento en los pedidos de entrega de mercanc\u00edas que se estropeen r\u00e1pidamente.<\/p>\n\t\t\t\t\t\t<\/div>\n\t\t\t\t<\/div>\n\t\t\t\t\t<\/div>\n\t\t<\/div>\n\t\t\t\t\t\t\t<\/div>\n\t\t<\/section>\n\t\t\t\t\t\t\t<\/div>\n\t\t","protected":false},"excerpt":{"rendered":"<p>Condiciones generales 1. \u00e1mbito de aplicaci\u00f3n Los siguientes t\u00e9rminos y condiciones se aplican a todos los pedidos realizados a trav\u00e9s de nuestra tienda en l\u00ednea. Nuestra tienda en l\u00ednea est\u00e1 dirigida exclusivamente a los consumidores. Un consumidor es toda persona f\u00edsica que celebra un negocio jur\u00eddico con fines que no pueden atribuirse predominantemente ni a &hellip;<\/p>\n<p class=\"read-more\"> <a class=\"\" href=\"https:\/\/lunitas.de\/es\/agb\/\"> <span class=\"screen-reader-text\">AGB<\/span> Leer m\u00e1s &raquo;<\/a><\/p>\n","protected":false},"author":1,"featured_media":0,"parent":0,"menu_order":0,"comment_status":"closed","ping_status":"closed","template":"","meta":{"site-sidebar-layout":"no-sidebar","site-content-layout":"plain-container","ast-site-content-layout":"","site-content-style":"default","site-sidebar-style":"default","ast-global-header-display":"","ast-banner-title-visibility":"","ast-main-header-display":"","ast-hfb-above-header-display":"","ast-hfb-below-header-display":"","ast-hfb-mobile-header-display":"","site-post-title":"disabled","ast-breadcrumbs-content":"","ast-featured-img":"disabled","footer-sml-layout":"","theme-transparent-header-meta":"","adv-header-id-meta":"","stick-header-meta":"","header-above-stick-meta":"","header-main-stick-meta":"","header-below-stick-meta":"","astra-migrate-meta-layouts":"","ast-page-background-enabled":"default","ast-page-background-meta":{"desktop":{"background-color":"var(--ast-global-color-4)","background-image":"","background-repeat":"repeat","background-position":"center center","background-size":"auto","background-attachment":"scroll","background-type":"","background-media":"","overlay-type":"","overlay-color":"","overlay-gradient":""},"tablet":{"background-color":"","background-image":"","background-repeat":"repeat","background-position":"center center","background-size":"auto","background-attachment":"scroll","background-type":"","background-media":"","overlay-type":"","overlay-color":"","overlay-gradient":""},"mobile":{"background-color":"","background-image":"","background-repeat":"repeat","background-position":"center center","background-size":"auto","background-attachment":"scroll","background-type":"","background-media":"","overlay-type":"","overlay-color":"","overlay-gradient":""}},"ast-content-background-meta":{"desktop":{"background-color":"var(--ast-global-color-5)","background-image":"","background-repeat":"repeat","background-position":"center center","background-size":"auto","background-attachment":"scroll","background-type":"","background-media":"","overlay-type":"","overlay-color":"","overlay-gradient":""},"tablet":{"background-color":"var(--ast-global-color-5)","background-image":"","background-repeat":"repeat","background-position":"center center","background-size":"auto","background-attachment":"scroll","background-type":"","background-media":"","overlay-type":"","overlay-color":"","overlay-gradient":""},"mobile":{"background-color":"var(--ast-global-color-5)","background-image":"","background-repeat":"repeat","background-position":"center center","background-size":"auto","background-attachment":"scroll","background-type":"","background-media":"","overlay-type":"","overlay-color":"","overlay-gradient":""}},"footnotes":""},"yoast_head":"<!-- This site is optimized with the Yoast SEO plugin v21.6 - https:\/\/yoast.com\/wordpress\/plugins\/seo\/ -->\n<title>AGB - Lunitas<\/title>\n<meta name=\"robots\" content=\"index, follow, max-snippet:-1, max-image-preview:large, max-video-preview:-1\" \/>\n<link rel=\"canonical\" href=\"https:\/\/lunitas.de\/es\/agb\/\" \/>\n<meta property=\"og:locale\" content=\"es_ES\" \/>\n<meta property=\"og:type\" content=\"article\" \/>\n<meta property=\"og:title\" content=\"AGB - Lunitas\" \/>\n<meta property=\"og:description\" content=\"Condiciones generales 1. \u00e1mbito de aplicaci\u00f3n Los siguientes t\u00e9rminos y condiciones se aplican a todos los pedidos realizados a trav\u00e9s de nuestra tienda en l\u00ednea. Nuestra tienda en l\u00ednea est\u00e1 dirigida exclusivamente a los consumidores. Un consumidor es toda persona f\u00edsica que celebra un negocio jur\u00eddico con fines que no pueden atribuirse predominantemente ni a &hellip; AGB Leer m\u00e1s &raquo;\" \/>\n<meta property=\"og:url\" content=\"https:\/\/lunitas.de\/es\/agb\/\" \/>\n<meta property=\"og:site_name\" content=\"Lunitas\" \/>\n<meta property=\"article:publisher\" content=\"https:\/\/www.facebook.com\/Lunitas-130052891046099\/\" \/>\n<meta property=\"article:modified_time\" content=\"2023-04-21T16:59:29+00:00\" \/>\n<meta name=\"twitter:card\" content=\"summary_large_image\" \/>\n<meta name=\"twitter:label1\" content=\"Tiempo de lectura\" \/>\n\t<meta name=\"twitter:data1\" content=\"5 minutos\" \/>\n<script type=\"application\/ld+json\" class=\"yoast-schema-graph\">{\"@context\":\"https:\/\/schema.org\",\"@graph\":[{\"@type\":\"WebPage\",\"@id\":\"https:\/\/lunitas.de\/es\/agb\/\",\"url\":\"https:\/\/lunitas.de\/es\/agb\/\",\"name\":\"AGB - Lunitas\",\"isPartOf\":{\"@id\":\"https:\/\/lunitas.de\/es\/#website\"},\"datePublished\":\"2020-04-24T10:28:06+00:00\",\"dateModified\":\"2023-04-21T16:59:29+00:00\",\"breadcrumb\":{\"@id\":\"https:\/\/lunitas.de\/es\/agb\/#breadcrumb\"},\"inLanguage\":\"es\",\"potentialAction\":[{\"@type\":\"ReadAction\",\"target\":[\"https:\/\/lunitas.de\/es\/agb\/\"]}]},{\"@type\":\"BreadcrumbList\",\"@id\":\"https:\/\/lunitas.de\/es\/agb\/#breadcrumb\",\"itemListElement\":[{\"@type\":\"ListItem\",\"position\":1,\"name\":\"Startseite\",\"item\":\"https:\/\/lunitas.de\/es\/\"},{\"@type\":\"ListItem\",\"position\":2,\"name\":\"AGB\"}]},{\"@type\":\"WebSite\",\"@id\":\"https:\/\/lunitas.de\/es\/#website\",\"url\":\"https:\/\/lunitas.de\/es\/\",\"name\":\"Lunitas\",\"description\":\"Kolumbianisches Empanadas Restaurant in D\u00fcsseldorf\",\"publisher\":{\"@id\":\"https:\/\/lunitas.de\/es\/#organization\"},\"potentialAction\":[{\"@type\":\"SearchAction\",\"target\":{\"@type\":\"EntryPoint\",\"urlTemplate\":\"https:\/\/lunitas.de\/es\/?s={search_term_string}\"},\"query-input\":\"required name=search_term_string\"}],\"inLanguage\":\"es\"},{\"@type\":\"Organization\",\"@id\":\"https:\/\/lunitas.de\/es\/#organization\",\"name\":\"Lunitas\",\"url\":\"https:\/\/lunitas.de\/es\/\",\"logo\":{\"@type\":\"ImageObject\",\"inLanguage\":\"es\",\"@id\":\"https:\/\/lunitas.de\/es\/#\/schema\/logo\/image\/\",\"url\":\"https:\/\/lunitas.de\/wp-content\/uploads\/2019\/01\/Lunitas_Empanadas_Duesseldorf_Logo_k.png\",\"contentUrl\":\"https:\/\/lunitas.de\/wp-content\/uploads\/2019\/01\/Lunitas_Empanadas_Duesseldorf_Logo_k.png\",\"width\":260,\"height\":80,\"caption\":\"Lunitas\"},\"image\":{\"@id\":\"https:\/\/lunitas.de\/es\/#\/schema\/logo\/image\/\"},\"sameAs\":[\"https:\/\/www.facebook.com\/Lunitas-130052891046099\/\",\"https:\/\/www.instagram.com\/lunitas_empanadas\/\"]}]}<\/script>\n<!-- \/ Yoast SEO plugin. -->","yoast_head_json":{"title":"AGB - Lunitas","robots":{"index":"index","follow":"follow","max-snippet":"max-snippet:-1","max-image-preview":"max-image-preview:large","max-video-preview":"max-video-preview:-1"},"canonical":"https:\/\/lunitas.de\/es\/agb\/","og_locale":"es_ES","og_type":"article","og_title":"AGB - Lunitas","og_description":"Condiciones generales 1. \u00e1mbito de aplicaci\u00f3n Los siguientes t\u00e9rminos y condiciones se aplican a todos los pedidos realizados a trav\u00e9s de nuestra tienda en l\u00ednea. Nuestra tienda en l\u00ednea est\u00e1 dirigida exclusivamente a los consumidores. Un consumidor es toda persona f\u00edsica que celebra un negocio jur\u00eddico con fines que no pueden atribuirse predominantemente ni a &hellip; AGB Leer m\u00e1s &raquo;","og_url":"https:\/\/lunitas.de\/es\/agb\/","og_site_name":"Lunitas","article_publisher":"https:\/\/www.facebook.com\/Lunitas-130052891046099\/","article_modified_time":"2023-04-21T16:59:29+00:00","twitter_card":"summary_large_image","twitter_misc":{"Tiempo de lectura":"5 minutos"},"schema":{"@context":"https:\/\/schema.org","@graph":[{"@type":"WebPage","@id":"https:\/\/lunitas.de\/es\/agb\/","url":"https:\/\/lunitas.de\/es\/agb\/","name":"AGB - Lunitas","isPartOf":{"@id":"https:\/\/lunitas.de\/es\/#website"},"datePublished":"2020-04-24T10:28:06+00:00","dateModified":"2023-04-21T16:59:29+00:00","breadcrumb":{"@id":"https:\/\/lunitas.de\/es\/agb\/#breadcrumb"},"inLanguage":"es","potentialAction":[{"@type":"ReadAction","target":["https:\/\/lunitas.de\/es\/agb\/"]}]},{"@type":"BreadcrumbList","@id":"https:\/\/lunitas.de\/es\/agb\/#breadcrumb","itemListElement":[{"@type":"ListItem","position":1,"name":"Startseite","item":"https:\/\/lunitas.de\/es\/"},{"@type":"ListItem","position":2,"name":"AGB"}]},{"@type":"WebSite","@id":"https:\/\/lunitas.de\/es\/#website","url":"https:\/\/lunitas.de\/es\/","name":"Lunitas","description":"Kolumbianisches Empanadas Restaurant in D\u00fcsseldorf","publisher":{"@id":"https:\/\/lunitas.de\/es\/#organization"},"potentialAction":[{"@type":"SearchAction","target":{"@type":"EntryPoint","urlTemplate":"https:\/\/lunitas.de\/es\/?s={search_term_string}"},"query-input":"required name=search_term_string"}],"inLanguage":"es"},{"@type":"Organization","@id":"https:\/\/lunitas.de\/es\/#organization","name":"Lunitas","url":"https:\/\/lunitas.de\/es\/","logo":{"@type":"ImageObject","inLanguage":"es","@id":"https:\/\/lunitas.de\/es\/#\/schema\/logo\/image\/","url":"https:\/\/lunitas.de\/wp-content\/uploads\/2019\/01\/Lunitas_Empanadas_Duesseldorf_Logo_k.png","contentUrl":"https:\/\/lunitas.de\/wp-content\/uploads\/2019\/01\/Lunitas_Empanadas_Duesseldorf_Logo_k.png","width":260,"height":80,"caption":"Lunitas"},"image":{"@id":"https:\/\/lunitas.de\/es\/#\/schema\/logo\/image\/"},"sameAs":["https:\/\/www.facebook.com\/Lunitas-130052891046099\/","https:\/\/www.instagram.com\/lunitas_empanadas\/"]}]}},"publishpress_future_action":{"enabled":false,"date":"2026-04-21 10:19:55","action":"change-status","newStatus":"draft","terms":[],"taxonomy":"translation_priority"},"_links":{"self":[{"href":"https:\/\/lunitas.de\/es\/wp-json\/wp\/v2\/pages\/2750"}],"collection":[{"href":"https:\/\/lunitas.de\/es\/wp-json\/wp\/v2\/pages"}],"about":[{"href":"https:\/\/lunitas.de\/es\/wp-json\/wp\/v2\/types\/page"}],"author":[{"embeddable":true,"href":"https:\/\/lunitas.de\/es\/wp-json\/wp\/v2\/users\/1"}],"replies":[{"embeddable":true,"href":"https:\/\/lunitas.de\/es\/wp-json\/wp\/v2\/comments?post=2750"}],"version-history":[{"count":1,"href":"https:\/\/lunitas.de\/es\/wp-json\/wp\/v2\/pages\/2750\/revisions"}],"predecessor-version":[{"id":2752,"href":"https:\/\/lunitas.de\/es\/wp-json\/wp\/v2\/pages\/2750\/revisions\/2752"}],"wp:attachment":[{"href":"https:\/\/lunitas.de\/es\/wp-json\/wp\/v2\/media?parent=2750"}],"curies":[{"name":"wp","href":"https:\/\/api.w.org\/{rel}","templated":true}]}}