{"id":2779,"date":"2023-02-15T13:30:26","date_gmt":"2023-02-15T13:30:26","guid":{"rendered":"https:\/\/lunitas.de\/pedidos-en-linea-eu-de\/"},"modified":"2023-11-29T22:28:42","modified_gmt":"2023-11-29T22:28:42","slug":"pedidos-en-linea-eu-de","status":"publish","type":"page","link":"https:\/\/lunitas.de\/es\/pedidos-en-linea-eu-de\/","title":{"rendered":"Pedidos en l\u00ednea EU \/ DE"},"content":{"rendered":"\t\t<div data-elementor-type=\"wp-page\" data-elementor-id=\"2779\" class=\"elementor elementor-2779 elementor-2330\">\n\t\t\t\t\t\t\t\t\t<section class=\"elementor-section elementor-top-section elementor-element elementor-element-148025fe elementor-section-full_width elementor-section-stretched elementor-section-height-default elementor-section-height-default\" data-id=\"148025fe\" data-element_type=\"section\" data-settings=\"{&quot;stretch_section&quot;:&quot;section-stretched&quot;,&quot;background_background&quot;:&quot;classic&quot;,&quot;_ha_eqh_enable&quot;:false}\">\n\t\t\t\t\t\t<div class=\"elementor-container elementor-column-gap-default\">\n\t\t\t\t\t<div class=\"elementor-column elementor-col-100 elementor-top-column elementor-element elementor-element-2c16a543\" data-id=\"2c16a543\" data-element_type=\"column\">\n\t\t\t<div class=\"elementor-widget-wrap elementor-element-populated\">\n\t\t\t\t\t\t\t\t<div class=\"elementor-element elementor-element-6922fc4a elementor-widget elementor-widget-spacer\" data-id=\"6922fc4a\" data-element_type=\"widget\" data-widget_type=\"spacer.default\">\n\t\t\t\t<div class=\"elementor-widget-container\">\n\t\t\t<style>\/*! elementor - v3.17.0 - 08-11-2023 *\/\n.elementor-column .elementor-spacer-inner{height:var(--spacer-size)}.e-con{--container-widget-width:100%}.e-con-inner>.elementor-widget-spacer,.e-con>.elementor-widget-spacer{width:var(--container-widget-width,var(--spacer-size));--align-self:var(--container-widget-align-self,initial);--flex-shrink:0}.e-con-inner>.elementor-widget-spacer>.elementor-widget-container,.e-con>.elementor-widget-spacer>.elementor-widget-container{height:100%;width:100%}.e-con-inner>.elementor-widget-spacer>.elementor-widget-container>.elementor-spacer,.e-con>.elementor-widget-spacer>.elementor-widget-container>.elementor-spacer{height:100%}.e-con-inner>.elementor-widget-spacer>.elementor-widget-container>.elementor-spacer>.elementor-spacer-inner,.e-con>.elementor-widget-spacer>.elementor-widget-container>.elementor-spacer>.elementor-spacer-inner{height:var(--container-widget-height,var(--spacer-size))}.e-con-inner>.elementor-widget-spacer.elementor-widget-empty,.e-con>.elementor-widget-spacer.elementor-widget-empty{position:relative;min-height:22px;min-width:22px}.e-con-inner>.elementor-widget-spacer.elementor-widget-empty .elementor-widget-empty-icon,.e-con>.elementor-widget-spacer.elementor-widget-empty .elementor-widget-empty-icon{position:absolute;top:0;bottom:0;left:0;right:0;margin:auto;padding:0;width:22px;height:22px}<\/style>\t\t<div class=\"elementor-spacer\">\n\t\t\t<div class=\"elementor-spacer-inner\"><\/div>\n\t\t<\/div>\n\t\t\t\t<\/div>\n\t\t\t\t<\/div>\n\t\t\t\t\t<\/div>\n\t\t<\/div>\n\t\t\t\t\t\t\t<\/div>\n\t\t<\/section>\n\t\t\t\t<section class=\"elementor-section elementor-top-section elementor-element elementor-element-e957535 elementor-section-boxed elementor-section-height-default elementor-section-height-default\" data-id=\"e957535\" data-element_type=\"section\" data-settings=\"{&quot;_ha_eqh_enable&quot;:false}\">\n\t\t\t\t\t\t<div class=\"elementor-container elementor-column-gap-default\">\n\t\t\t\t\t<div class=\"elementor-column elementor-col-50 elementor-top-column elementor-element elementor-element-f1d681e\" data-id=\"f1d681e\" data-element_type=\"column\" data-settings=\"{&quot;background_background&quot;:&quot;classic&quot;}\">\n\t\t\t<div class=\"elementor-widget-wrap elementor-element-populated\">\n\t\t\t\t\t<div class=\"elementor-background-overlay\"><\/div>\n\t\t\t\t\t\t\t\t<section class=\"elementor-section elementor-inner-section elementor-element elementor-element-dc13c77 elementor-section-boxed elementor-section-height-default elementor-section-height-default\" data-id=\"dc13c77\" data-element_type=\"section\" data-settings=\"{&quot;_ha_eqh_enable&quot;:false}\">\n\t\t\t\t\t\t<div class=\"elementor-container elementor-column-gap-default\">\n\t\t\t\t\t<div class=\"elementor-column elementor-col-100 elementor-inner-column elementor-element elementor-element-247ee39\" data-id=\"247ee39\" data-element_type=\"column\">\n\t\t\t<div class=\"elementor-widget-wrap elementor-element-populated\">\n\t\t\t\t\t\t\t\t<div class=\"elementor-element elementor-element-54e30d7 elementor-widget elementor-widget-heading\" data-id=\"54e30d7\" data-element_type=\"widget\" data-widget_type=\"heading.default\">\n\t\t\t\t<div class=\"elementor-widget-container\">\n\t\t\t<style>\/*! elementor - v3.17.0 - 08-11-2023 *\/\n.elementor-heading-title{padding:0;margin:0;line-height:1}.elementor-widget-heading .elementor-heading-title[class*=elementor-size-]>a{color:inherit;font-size:inherit;line-height:inherit}.elementor-widget-heading .elementor-heading-title.elementor-size-small{font-size:15px}.elementor-widget-heading .elementor-heading-title.elementor-size-medium{font-size:19px}.elementor-widget-heading .elementor-heading-title.elementor-size-large{font-size:29px}.elementor-widget-heading .elementor-heading-title.elementor-size-xl{font-size:39px}.elementor-widget-heading .elementor-heading-title.elementor-size-xxl{font-size:59px}<\/style><h3 class=\"elementor-heading-title elementor-size-default\">Servicio de entrega en caliente<\/h3>\t\t<\/div>\n\t\t\t\t<\/div>\n\t\t\t\t<div class=\"elementor-element elementor-element-4bc090e elementor-widget elementor-widget-heading\" data-id=\"4bc090e\" data-element_type=\"widget\" data-widget_type=\"heading.default\">\n\t\t\t\t<div class=\"elementor-widget-container\">\n\t\t\t<h4 class=\"elementor-heading-title elementor-size-default\">D\u00fcsseldorf<\/h4>\t\t<\/div>\n\t\t\t\t<\/div>\n\t\t\t\t\t<\/div>\n\t\t<\/div>\n\t\t\t\t\t\t\t<\/div>\n\t\t<\/section>\n\t\t\t\t<div class=\"elementor-element elementor-element-2802233 elementor-widget elementor-widget-text-editor\" data-id=\"2802233\" data-element_type=\"widget\" data-widget_type=\"text-editor.default\">\n\t\t\t\t<div class=\"elementor-widget-container\">\n\t\t\t<style>\/*! elementor - v3.17.0 - 08-11-2023 *\/\n.elementor-widget-text-editor.elementor-drop-cap-view-stacked .elementor-drop-cap{background-color:#69727d;color:#fff}.elementor-widget-text-editor.elementor-drop-cap-view-framed .elementor-drop-cap{color:#69727d;border:3px solid;background-color:transparent}.elementor-widget-text-editor:not(.elementor-drop-cap-view-default) .elementor-drop-cap{margin-top:8px}.elementor-widget-text-editor:not(.elementor-drop-cap-view-default) .elementor-drop-cap-letter{width:1em;height:1em}.elementor-widget-text-editor .elementor-drop-cap{float:left;text-align:center;line-height:1;font-size:50px}.elementor-widget-text-editor .elementor-drop-cap-letter{display:inline-block}<\/style>\t\t\t\t<p><strong>Haga su pedido para entrega inmediata.<\/strong><\/p>\n\t\t\t\t\t\t<\/div>\n\t\t\t\t<\/div>\n\t\t\t\t<div class=\"elementor-element elementor-element-3b885e4 elementor-widget elementor-widget-button\" data-id=\"3b885e4\" data-element_type=\"widget\" data-widget_type=\"button.default\">\n\t\t\t\t<div class=\"elementor-widget-container\">\n\t\t\t\t\t<div class=\"elementor-button-wrapper\">\n\t\t\t<a class=\"elementor-button elementor-button-link elementor-size-sm elementor-animation-grow\" href=\"https:\/\/lunitas.simplywebshop.de\/storedata\/listStore\" target=\"_blank\">\n\t\t\t\t\t\t<span class=\"elementor-button-content-wrapper\">\n\t\t\t\t\t\t<span class=\"elementor-button-text\">Pedido en D\u00fcsseldorf<\/span>\n\t\t<\/span>\n\t\t\t\t\t<\/a>\n\t\t<\/div>\n\t\t\t\t<\/div>\n\t\t\t\t<\/div>\n\t\t\t\t\t<\/div>\n\t\t<\/div>\n\t\t\t\t<div class=\"elementor-column elementor-col-50 elementor-top-column elementor-element elementor-element-095f5b9\" data-id=\"095f5b9\" data-element_type=\"column\" data-settings=\"{&quot;background_background&quot;:&quot;classic&quot;}\">\n\t\t\t<div class=\"elementor-widget-wrap elementor-element-populated\">\n\t\t\t\t\t<div class=\"elementor-background-overlay\"><\/div>\n\t\t\t\t\t\t\t\t<section class=\"elementor-section elementor-inner-section elementor-element elementor-element-67ba2c2 elementor-section-boxed elementor-section-height-default elementor-section-height-default\" data-id=\"67ba2c2\" data-element_type=\"section\" data-settings=\"{&quot;_ha_eqh_enable&quot;:false}\">\n\t\t\t\t\t\t<div class=\"elementor-container elementor-column-gap-default\">\n\t\t\t\t\t<div class=\"elementor-column elementor-col-100 elementor-inner-column elementor-element elementor-element-ee265d2\" data-id=\"ee265d2\" data-element_type=\"column\">\n\t\t\t<div class=\"elementor-widget-wrap elementor-element-populated\">\n\t\t\t\t\t\t\t\t<div class=\"elementor-element elementor-element-ae60d68 elementor-widget elementor-widget-heading\" data-id=\"ae60d68\" data-element_type=\"widget\" data-widget_type=\"heading.default\">\n\t\t\t\t<div class=\"elementor-widget-container\">\n\t\t\t<h3 class=\"elementor-heading-title elementor-size-default\">Transporte refrigerado<\/h3>\t\t<\/div>\n\t\t\t\t<\/div>\n\t\t\t\t\t<\/div>\n\t\t<\/div>\n\t\t\t\t\t\t\t<\/div>\n\t\t<\/section>\n\t\t\t\t<div class=\"elementor-element elementor-element-cedc7f6 elementor-widget elementor-widget-heading\" data-id=\"cedc7f6\" data-element_type=\"widget\" data-widget_type=\"heading.default\">\n\t\t\t\t<div class=\"elementor-widget-container\">\n\t\t\t<h4 class=\"elementor-heading-title elementor-size-default\">En toda Europa  <\/h4>\t\t<\/div>\n\t\t\t\t<\/div>\n\t\t\t\t<div class=\"elementor-element elementor-element-a8b788b elementor-widget elementor-widget-text-editor\" data-id=\"a8b788b\" data-element_type=\"widget\" data-widget_type=\"text-editor.default\">\n\t\t\t\t<div class=\"elementor-widget-container\">\n\t\t\t\t\t\t\t<p><strong>Haga su pedido antes de las 18.00 horas del mi\u00e9rcoles<\/strong> para poder<br \/>\u00a1<strong>Viernes antes de las 18:00 para<\/strong> recibir su <strong>entrega<\/strong>!  <\/p>\n\t\t\t\t\t\t<\/div>\n\t\t\t\t<\/div>\n\t\t\t\t<div class=\"elementor-element elementor-element-628ea54 elementor-widget elementor-widget-button\" data-id=\"628ea54\" data-element_type=\"widget\" data-widget_type=\"button.default\">\n\t\t\t\t<div class=\"elementor-widget-container\">\n\t\t\t\t\t<div class=\"elementor-button-wrapper\">\n\t\t\t<a class=\"elementor-button elementor-button-link elementor-size-sm elementor-animation-grow\" href=\"\/tienda\/\">\n\t\t\t\t\t\t<span class=\"elementor-button-content-wrapper\">\n\t\t\t\t\t\t<span class=\"elementor-button-text\">Pedidos en toda Europa<\/span>\n\t\t<\/span>\n\t\t\t\t\t<\/a>\n\t\t<\/div>\n\t\t\t\t<\/div>\n\t\t\t\t<\/div>\n\t\t\t\t<div class=\"elementor-element elementor-element-8e67cf4 elementor-widget elementor-widget-text-editor\" data-id=\"8e67cf4\" data-element_type=\"widget\" data-widget_type=\"text-editor.default\">\n\t\t\t\t<div class=\"elementor-widget-container\">\n\t\t\t\t\t\t\t<p>Valor m\u00ednimo del pedido 30,00  <br \/>Gastos de env\u00edo (D) 7,90 \u20ac \/ Gastos de env\u00edo (EU) 15,00 \u20ac<\/p>\n\t\t\t\t\t\t<\/div>\n\t\t\t\t<\/div>\n\t\t\t\t\t<\/div>\n\t\t<\/div>\n\t\t\t\t\t\t\t<\/div>\n\t\t<\/section>\n\t\t\t\t\t\t\t<\/div>\n\t\t","protected":false},"excerpt":{"rendered":"<p>Servicio de entrega en caliente D\u00fcsseldorf Haga su pedido para entrega inmediata. Pedido en D\u00fcsseldorf Transporte refrigerado En toda Europa Haga su pedido antes de las 18.00 horas del mi\u00e9rcoles para poder\u00a1Viernes antes de las 18:00 para recibir su entrega! Pedidos en toda Europa Valor m\u00ednimo del pedido 30,00 Gastos de env\u00edo (D) 7,90 \u20ac &hellip;<\/p>\n<p class=\"read-more\"> <a class=\"\" href=\"https:\/\/lunitas.de\/es\/pedidos-en-linea-eu-de\/\"> <span class=\"screen-reader-text\">Pedidos en l\u00ednea EU \/ DE<\/span> Leer m\u00e1s &raquo;<\/a><\/p>\n","protected":false},"author":1,"featured_media":0,"parent":0,"menu_order":0,"comment_status":"closed","ping_status":"closed","template":"elementor_header_footer","meta":{"site-sidebar-layout":"no-sidebar","site-content-layout":"page-builder","ast-site-content-layout":"","site-content-style":"default","site-sidebar-style":"default","ast-global-header-display":"","ast-banner-title-visibility":"","ast-main-header-display":"","ast-hfb-above-header-display":"","ast-hfb-below-header-display":"","ast-hfb-mobile-header-display":"","site-post-title":"disabled","ast-breadcrumbs-content":"","ast-featured-img":"disabled","footer-sml-layout":"","theme-transparent-header-meta":"default","adv-header-id-meta":"","stick-header-meta":"","header-above-stick-meta":"","header-main-stick-meta":"","header-below-stick-meta":"","astra-migrate-meta-layouts":"","ast-page-background-enabled":"default","ast-page-background-meta":{"desktop":{"background-color":"var(--ast-global-color-4)","background-image":"","background-repeat":"repeat","background-position":"center center","background-size":"auto","background-attachment":"scroll","background-type":"","background-media":"","overlay-type":"","overlay-color":"","overlay-gradient":""},"tablet":{"background-color":"","background-image":"","background-repeat":"repeat","background-position":"center center","background-size":"auto","background-attachment":"scroll","background-type":"","background-media":"","overlay-type":"","overlay-color":"","overlay-gradient":""},"mobile":{"background-color":"","background-image":"","background-repeat":"repeat","background-position":"center center","background-size":"auto","background-attachment":"scroll","background-type":"","background-media":"","overlay-type":"","overlay-color":"","overlay-gradient":""}},"ast-content-background-meta":{"desktop":{"background-color":"var(--ast-global-color-5)","background-image":"","background-repeat":"repeat","background-position":"center center","background-size":"auto","background-attachment":"scroll","background-type":"","background-media":"","overlay-type":"","overlay-color":"","overlay-gradient":""},"tablet":{"background-color":"var(--ast-global-color-5)","background-image":"","background-repeat":"repeat","background-position":"center center","background-size":"auto","background-attachment":"scroll","background-type":"","background-media":"","overlay-type":"","overlay-color":"","overlay-gradient":""},"mobile":{"background-color":"var(--ast-global-color-5)","background-image":"","background-repeat":"repeat","background-position":"center center","background-size":"auto","background-attachment":"scroll","background-type":"","background-media":"","overlay-type":"","overlay-color":"","overlay-gradient":""}},"footnotes":""},"yoast_head":"<!-- This site is optimized with the Yoast SEO plugin v21.6 - https:\/\/yoast.com\/wordpress\/plugins\/seo\/ -->\n<title>Pedidos en l\u00ednea EU \/ DE - Lunitas<\/title>\n<meta name=\"robots\" content=\"index, follow, max-snippet:-1, max-image-preview:large, max-video-preview:-1\" \/>\n<link rel=\"canonical\" href=\"https:\/\/lunitas.de\/es\/pedidos-en-linea-eu-de\/\" \/>\n<meta property=\"og:locale\" content=\"es_ES\" \/>\n<meta property=\"og:type\" content=\"article\" \/>\n<meta property=\"og:title\" content=\"Pedidos en l\u00ednea EU \/ DE - Lunitas\" \/>\n<meta property=\"og:description\" content=\"Servicio de entrega en caliente D\u00fcsseldorf Haga su pedido para entrega inmediata. Pedido en D\u00fcsseldorf Transporte refrigerado En toda Europa Haga su pedido antes de las 18.00 horas del mi\u00e9rcoles para poder\u00a1Viernes antes de las 18:00 para recibir su entrega! Pedidos en toda Europa Valor m\u00ednimo del pedido 30,00 Gastos de env\u00edo (D) 7,90 \u20ac &hellip; Pedidos en l\u00ednea EU \/ DE Leer m\u00e1s &raquo;\" \/>\n<meta property=\"og:url\" content=\"https:\/\/lunitas.de\/es\/pedidos-en-linea-eu-de\/\" \/>\n<meta property=\"og:site_name\" content=\"Lunitas\" \/>\n<meta property=\"article:publisher\" content=\"https:\/\/www.facebook.com\/Lunitas-130052891046099\/\" \/>\n<meta property=\"article:modified_time\" content=\"2023-11-29T22:28:42+00:00\" \/>\n<meta name=\"twitter:card\" content=\"summary_large_image\" \/>\n<script type=\"application\/ld+json\" class=\"yoast-schema-graph\">{\"@context\":\"https:\/\/schema.org\",\"@graph\":[{\"@type\":\"WebPage\",\"@id\":\"https:\/\/lunitas.de\/es\/pedidos-en-linea-eu-de\/\",\"url\":\"https:\/\/lunitas.de\/es\/pedidos-en-linea-eu-de\/\",\"name\":\"Pedidos en l\u00ednea EU \/ DE - Lunitas\",\"isPartOf\":{\"@id\":\"https:\/\/lunitas.de\/es\/#website\"},\"datePublished\":\"2023-02-15T13:30:26+00:00\",\"dateModified\":\"2023-11-29T22:28:42+00:00\",\"breadcrumb\":{\"@id\":\"https:\/\/lunitas.de\/es\/pedidos-en-linea-eu-de\/#breadcrumb\"},\"inLanguage\":\"es\",\"potentialAction\":[{\"@type\":\"ReadAction\",\"target\":[\"https:\/\/lunitas.de\/es\/pedidos-en-linea-eu-de\/\"]}]},{\"@type\":\"BreadcrumbList\",\"@id\":\"https:\/\/lunitas.de\/es\/pedidos-en-linea-eu-de\/#breadcrumb\",\"itemListElement\":[{\"@type\":\"ListItem\",\"position\":1,\"name\":\"Startseite\",\"item\":\"https:\/\/lunitas.de\/es\/\"},{\"@type\":\"ListItem\",\"position\":2,\"name\":\"Pedidos en l\u00ednea EU \/ DE\"}]},{\"@type\":\"WebSite\",\"@id\":\"https:\/\/lunitas.de\/es\/#website\",\"url\":\"https:\/\/lunitas.de\/es\/\",\"name\":\"Lunitas\",\"description\":\"Kolumbianisches Empanadas Restaurant in D\u00fcsseldorf\",\"publisher\":{\"@id\":\"https:\/\/lunitas.de\/es\/#organization\"},\"potentialAction\":[{\"@type\":\"SearchAction\",\"target\":{\"@type\":\"EntryPoint\",\"urlTemplate\":\"https:\/\/lunitas.de\/es\/?s={search_term_string}\"},\"query-input\":\"required name=search_term_string\"}],\"inLanguage\":\"es\"},{\"@type\":\"Organization\",\"@id\":\"https:\/\/lunitas.de\/es\/#organization\",\"name\":\"Lunitas\",\"url\":\"https:\/\/lunitas.de\/es\/\",\"logo\":{\"@type\":\"ImageObject\",\"inLanguage\":\"es\",\"@id\":\"https:\/\/lunitas.de\/es\/#\/schema\/logo\/image\/\",\"url\":\"https:\/\/lunitas.de\/wp-content\/uploads\/2019\/01\/Lunitas_Empanadas_Duesseldorf_Logo_k.png\",\"contentUrl\":\"https:\/\/lunitas.de\/wp-content\/uploads\/2019\/01\/Lunitas_Empanadas_Duesseldorf_Logo_k.png\",\"width\":260,\"height\":80,\"caption\":\"Lunitas\"},\"image\":{\"@id\":\"https:\/\/lunitas.de\/es\/#\/schema\/logo\/image\/\"},\"sameAs\":[\"https:\/\/www.facebook.com\/Lunitas-130052891046099\/\",\"https:\/\/www.instagram.com\/lunitas_empanadas\/\"]}]}<\/script>\n<!-- \/ Yoast SEO plugin. -->","yoast_head_json":{"title":"Pedidos en l\u00ednea EU \/ DE - Lunitas","robots":{"index":"index","follow":"follow","max-snippet":"max-snippet:-1","max-image-preview":"max-image-preview:large","max-video-preview":"max-video-preview:-1"},"canonical":"https:\/\/lunitas.de\/es\/pedidos-en-linea-eu-de\/","og_locale":"es_ES","og_type":"article","og_title":"Pedidos en l\u00ednea EU \/ DE - Lunitas","og_description":"Servicio de entrega en caliente D\u00fcsseldorf Haga su pedido para entrega inmediata. Pedido en D\u00fcsseldorf Transporte refrigerado En toda Europa Haga su pedido antes de las 18.00 horas del mi\u00e9rcoles para poder\u00a1Viernes antes de las 18:00 para recibir su entrega! Pedidos en toda Europa Valor m\u00ednimo del pedido 30,00 Gastos de env\u00edo (D) 7,90 \u20ac &hellip; Pedidos en l\u00ednea EU \/ DE Leer m\u00e1s &raquo;","og_url":"https:\/\/lunitas.de\/es\/pedidos-en-linea-eu-de\/","og_site_name":"Lunitas","article_publisher":"https:\/\/www.facebook.com\/Lunitas-130052891046099\/","article_modified_time":"2023-11-29T22:28:42+00:00","twitter_card":"summary_large_image","schema":{"@context":"https:\/\/schema.org","@graph":[{"@type":"WebPage","@id":"https:\/\/lunitas.de\/es\/pedidos-en-linea-eu-de\/","url":"https:\/\/lunitas.de\/es\/pedidos-en-linea-eu-de\/","name":"Pedidos en l\u00ednea EU \/ DE - Lunitas","isPartOf":{"@id":"https:\/\/lunitas.de\/es\/#website"},"datePublished":"2023-02-15T13:30:26+00:00","dateModified":"2023-11-29T22:28:42+00:00","breadcrumb":{"@id":"https:\/\/lunitas.de\/es\/pedidos-en-linea-eu-de\/#breadcrumb"},"inLanguage":"es","potentialAction":[{"@type":"ReadAction","target":["https:\/\/lunitas.de\/es\/pedidos-en-linea-eu-de\/"]}]},{"@type":"BreadcrumbList","@id":"https:\/\/lunitas.de\/es\/pedidos-en-linea-eu-de\/#breadcrumb","itemListElement":[{"@type":"ListItem","position":1,"name":"Startseite","item":"https:\/\/lunitas.de\/es\/"},{"@type":"ListItem","position":2,"name":"Pedidos en l\u00ednea EU \/ DE"}]},{"@type":"WebSite","@id":"https:\/\/lunitas.de\/es\/#website","url":"https:\/\/lunitas.de\/es\/","name":"Lunitas","description":"Kolumbianisches Empanadas Restaurant in D\u00fcsseldorf","publisher":{"@id":"https:\/\/lunitas.de\/es\/#organization"},"potentialAction":[{"@type":"SearchAction","target":{"@type":"EntryPoint","urlTemplate":"https:\/\/lunitas.de\/es\/?s={search_term_string}"},"query-input":"required name=search_term_string"}],"inLanguage":"es"},{"@type":"Organization","@id":"https:\/\/lunitas.de\/es\/#organization","name":"Lunitas","url":"https:\/\/lunitas.de\/es\/","logo":{"@type":"ImageObject","inLanguage":"es","@id":"https:\/\/lunitas.de\/es\/#\/schema\/logo\/image\/","url":"https:\/\/lunitas.de\/wp-content\/uploads\/2019\/01\/Lunitas_Empanadas_Duesseldorf_Logo_k.png","contentUrl":"https:\/\/lunitas.de\/wp-content\/uploads\/2019\/01\/Lunitas_Empanadas_Duesseldorf_Logo_k.png","width":260,"height":80,"caption":"Lunitas"},"image":{"@id":"https:\/\/lunitas.de\/es\/#\/schema\/logo\/image\/"},"sameAs":["https:\/\/www.facebook.com\/Lunitas-130052891046099\/","https:\/\/www.instagram.com\/lunitas_empanadas\/"]}]}},"publishpress_future_action":{"enabled":false,"date":"2026-04-11 14:32:37","action":"change-status","newStatus":"draft","terms":[],"taxonomy":"translation_priority"},"_links":{"self":[{"href":"https:\/\/lunitas.de\/es\/wp-json\/wp\/v2\/pages\/2779"}],"collection":[{"href":"https:\/\/lunitas.de\/es\/wp-json\/wp\/v2\/pages"}],"about":[{"href":"https:\/\/lunitas.de\/es\/wp-json\/wp\/v2\/types\/page"}],"author":[{"embeddable":true,"href":"https:\/\/lunitas.de\/es\/wp-json\/wp\/v2\/users\/1"}],"replies":[{"embeddable":true,"href":"https:\/\/lunitas.de\/es\/wp-json\/wp\/v2\/comments?post=2779"}],"version-history":[{"count":3,"href":"https:\/\/lunitas.de\/es\/wp-json\/wp\/v2\/pages\/2779\/revisions"}],"predecessor-version":[{"id":2967,"href":"https:\/\/lunitas.de\/es\/wp-json\/wp\/v2\/pages\/2779\/revisions\/2967"}],"wp:attachment":[{"href":"https:\/\/lunitas.de\/es\/wp-json\/wp\/v2\/media?parent=2779"}],"curies":[{"name":"wp","href":"https:\/\/api.w.org\/{rel}","templated":true}]}}